{"id":10579,"date":"2023-11-22T09:37:40","date_gmt":"2023-11-22T09:37:40","guid":{"rendered":"http:\/\/gammatransport.it\/ueber-uns\/"},"modified":"2024-05-31T10:00:32","modified_gmt":"2024-05-31T10:00:32","slug":"ueber-uns","status":"publish","type":"page","link":"https:\/\/www.gammatransport.it\/de\/ueber-uns\/","title":{"rendered":"\u00dcber uns"},"content":{"rendered":"\t\t<div data-elementor-type=\"wp-page\" data-elementor-id=\"10579\" class=\"elementor elementor-10579 elementor-9866\" data-elementor-post-type=\"page\">\n\t\t\t\t<div class=\"elementor-element elementor-element-6eb00c6 e-con-full e-flex elementor-invisible e-con e-parent\" data-id=\"6eb00c6\" data-element_type=\"container\" data-e-type=\"container\" data-settings=\"{&quot;animation&quot;:&quot;fadeInLeft&quot;}\">\n\t\t<div class=\"elementor-element elementor-element-f10d8ed elementor-hidden-mobile e-con-full e-flex e-con e-child\" data-id=\"f10d8ed\" data-element_type=\"container\" data-e-type=\"container\">\n\t\t\t\t<div class=\"elementor-element elementor-element-48e3ea0 e-transform e-transform elementor-widget-divider--view-line elementor-widget elementor-widget-divider\" data-id=\"48e3ea0\" data-element_type=\"widget\" data-e-type=\"widget\" data-settings=\"{&quot;_transform_rotateZ_effect&quot;:{&quot;unit&quot;:&quot;px&quot;,&quot;size&quot;:90,&quot;sizes&quot;:[]},&quot;_transform_flipY_effect&quot;:&quot;transform&quot;,&quot;_transform_rotateZ_effect_tablet&quot;:{&quot;unit&quot;:&quot;deg&quot;,&quot;size&quot;:&quot;&quot;,&quot;sizes&quot;:[]},&quot;_transform_rotateZ_effect_mobile&quot;:{&quot;unit&quot;:&quot;deg&quot;,&quot;size&quot;:&quot;&quot;,&quot;sizes&quot;:[]}}\" data-widget_type=\"divider.default\">\n\t\t\t\t<div class=\"elementor-widget-container\">\n\t\t\t\t\t\t\t<div class=\"elementor-divider\">\n\t\t\t<span class=\"elementor-divider-separator\">\n\t\t\t\t\t\t<\/span>\n\t\t<\/div>\n\t\t\t\t\t\t<\/div>\n\t\t\t\t<\/div>\n\t\t\t\t<div class=\"elementor-element elementor-element-66393f7 elementor-view-default elementor-position-block-start elementor-mobile-position-block-start elementor-widget elementor-widget-icon-box\" data-id=\"66393f7\" data-element_type=\"widget\" data-e-type=\"widget\" data-widget_type=\"icon-box.default\">\n\t\t\t\t<div class=\"elementor-widget-container\">\n\t\t\t\t\t\t\t<div class=\"elementor-icon-box-wrapper\">\n\n\t\t\t\t\t\t<div class=\"elementor-icon-box-icon\">\n\t\t\t\t<a href=\"#chi-siamo\" class=\"elementor-icon\" tabindex=\"-1\" aria-label=\"ENTDECKEN\">\n\t\t\t\t<i aria-hidden=\"true\" class=\"fas fa-long-arrow-alt-down\"><\/i>\t\t\t\t<\/a>\n\t\t\t<\/div>\n\t\t\t\n\t\t\t\t\t\t<div class=\"elementor-icon-box-content\">\n\n\t\t\t\t\t\t\t\t\t<h3 class=\"elementor-icon-box-title\">\n\t\t\t\t\t\t<a href=\"#chi-siamo\" >\n\t\t\t\t\t\t\tENTDECKEN\t\t\t\t\t\t<\/a>\n\t\t\t\t\t<\/h3>\n\t\t\t\t\n\t\t\t\t\n\t\t\t<\/div>\n\t\t\t\n\t\t<\/div>\n\t\t\t\t\t\t<\/div>\n\t\t\t\t<\/div>\n\t\t\t\t<\/div>\n\t\t<div class=\"elementor-element elementor-element-7c58635 e-con-full e-flex e-con e-child\" data-id=\"7c58635\" data-element_type=\"container\" data-e-type=\"container\" data-settings=\"{&quot;background_background&quot;:&quot;classic&quot;}\">\n\t\t\t\t<div class=\"elementor-element elementor-element-ed4af96 elementor-widget elementor-widget-spacer\" data-id=\"ed4af96\" data-element_type=\"widget\" data-e-type=\"widget\" data-widget_type=\"spacer.default\">\n\t\t\t\t<div class=\"elementor-widget-container\">\n\t\t\t\t\t\t\t<div class=\"elementor-spacer\">\n\t\t\t<div class=\"elementor-spacer-inner\"><\/div>\n\t\t<\/div>\n\t\t\t\t\t\t<\/div>\n\t\t\t\t<\/div>\n\t\t\t\t<div class=\"elementor-element elementor-element-78f8041 elementor-widget__width-initial elementor-widget elementor-widget-text-editor\" data-id=\"78f8041\" data-element_type=\"widget\" data-e-type=\"widget\" data-widget_type=\"text-editor.default\">\n\t\t\t\t<div class=\"elementor-widget-container\">\n\t\t\t\t\t\t\t\t\t<p>Seit 1975<\/p>\n\t\t\t\t\t\t\t\t<\/div>\n\t\t\t\t<\/div>\n\t\t\t\t<div class=\"elementor-element elementor-element-dbaa242 elementor-mobile-align-center elementor-widget elementor-widget-button\" data-id=\"dbaa242\" data-element_type=\"widget\" data-e-type=\"widget\" data-widget_type=\"button.default\">\n\t\t\t\t<div class=\"elementor-widget-container\">\n\t\t\t\t\t\t\t\t\t<div class=\"elementor-button-wrapper\">\n\t\t\t\t\t<a class=\"elementor-button elementor-button-link elementor-size-sm\" href=\"https:\/\/www.gammatransport.it\/de\/kontakt-2\/\">\n\t\t\t\t\t\t<span class=\"elementor-button-content-wrapper\">\n\t\t\t\t\t\t<span class=\"elementor-button-icon\">\n\t\t\t\t<i aria-hidden=\"true\" class=\"fas fa-long-arrow-alt-right\"><\/i>\t\t\t<\/span>\n\t\t\t\t\t\t\t\t\t<span class=\"elementor-button-text\">Kontaktieren Sie uns<\/span>\n\t\t\t\t\t<\/span>\n\t\t\t\t\t<\/a>\n\t\t\t\t<\/div>\n\t\t\t\t\t\t\t\t<\/div>\n\t\t\t\t<\/div>\n\t\t\t\t<div class=\"elementor-element elementor-element-7ffcec3 elementor-widget elementor-widget-spacer\" data-id=\"7ffcec3\" data-element_type=\"widget\" data-e-type=\"widget\" data-widget_type=\"spacer.default\">\n\t\t\t\t<div class=\"elementor-widget-container\">\n\t\t\t\t\t\t\t<div class=\"elementor-spacer\">\n\t\t\t<div class=\"elementor-spacer-inner\"><\/div>\n\t\t<\/div>\n\t\t\t\t\t\t<\/div>\n\t\t\t\t<\/div>\n\t\t\t\t<\/div>\n\t\t\t\t<\/div>\n\t\t\t\t<section class=\"elementor-section elementor-top-section elementor-element elementor-element-8972b70 elementor-section-full_width elementor-section-content-middle elementor-reverse-tablet elementor-reverse-mobile elementor-section-height-default elementor-section-height-default\" data-id=\"8972b70\" data-element_type=\"section\" data-e-type=\"section\" id=\"chi-siamo\">\n\t\t\t\t\t\t<div class=\"elementor-container elementor-column-gap-no\">\n\t\t\t\t\t<div class=\"elementor-column elementor-col-50 elementor-top-column elementor-element elementor-element-d569b98\" data-id=\"d569b98\" data-element_type=\"column\" data-e-type=\"column\">\n\t\t\t<div class=\"elementor-widget-wrap elementor-element-populated\">\n\t\t\t\t\t\t<div class=\"elementor-element elementor-element-0ecd381 elementor-widget__width-initial elementor-widget elementor-widget-image\" data-id=\"0ecd381\" data-element_type=\"widget\" data-e-type=\"widget\" data-widget_type=\"image.default\">\n\t\t\t\t<div class=\"elementor-widget-container\">\n\t\t\t\t\t\t\t\t\t\t\t\t\t\t\t<img fetchpriority=\"high\" decoding=\"async\" width=\"680\" height=\"360\" src=\"https:\/\/gammatransport.it\/wp-content\/uploads\/2023\/11\/dscn1748-002-1.jpg\" class=\"attachment-large size-large wp-image-9445\" alt=\"\" srcset=\"https:\/\/www.gammatransport.it\/wp-content\/uploads\/2023\/11\/dscn1748-002-1.jpg 680w, https:\/\/www.gammatransport.it\/wp-content\/uploads\/2023\/11\/dscn1748-002-1-300x159.jpg 300w\" sizes=\"(max-width: 680px) 100vw, 680px\" \/>\t\t\t\t\t\t\t\t\t\t\t\t\t\t\t<\/div>\n\t\t\t\t<\/div>\n\t\t\t\t<div class=\"elementor-element elementor-element-42d7f47 elementor-widget__width-initial elementor-widget elementor-widget-image\" data-id=\"42d7f47\" data-element_type=\"widget\" data-e-type=\"widget\" data-widget_type=\"image.default\">\n\t\t\t\t<div class=\"elementor-widget-container\">\n\t\t\t\t\t\t\t\t\t\t\t\t\t\t\t<img decoding=\"async\" width=\"680\" height=\"360\" src=\"https:\/\/gammatransport.it\/wp-content\/uploads\/2023\/11\/gammalkw.jpg\" class=\"attachment-large size-large wp-image-9929\" alt=\"\" srcset=\"https:\/\/www.gammatransport.it\/wp-content\/uploads\/2023\/11\/gammalkw.jpg 680w, https:\/\/www.gammatransport.it\/wp-content\/uploads\/2023\/11\/gammalkw-300x159.jpg 300w\" sizes=\"(max-width: 680px) 100vw, 680px\" \/>\t\t\t\t\t\t\t\t\t\t\t\t\t\t\t<\/div>\n\t\t\t\t<\/div>\n\t\t\t\t\t<\/div>\n\t\t<\/div>\n\t\t\t\t<div class=\"elementor-column elementor-col-50 elementor-top-column elementor-element elementor-element-830743f\" data-id=\"830743f\" data-element_type=\"column\" data-e-type=\"column\">\n\t\t\t<div class=\"elementor-widget-wrap elementor-element-populated\">\n\t\t\t\t\t\t<div class=\"elementor-element elementor-element-75e7d7c elementor-widget elementor-widget-heading\" data-id=\"75e7d7c\" data-element_type=\"widget\" data-e-type=\"widget\" data-widget_type=\"heading.default\">\n\t\t\t\t<div class=\"elementor-widget-container\">\n\t\t\t\t\t<h3 class=\"elementor-heading-title elementor-size-default\">Geschichte<\/h3>\t\t\t\t<\/div>\n\t\t\t\t<\/div>\n\t\t\t\t<div class=\"elementor-element elementor-element-fc38e38 elementor-widget elementor-widget-text-editor\" data-id=\"fc38e38\" data-element_type=\"widget\" data-e-type=\"widget\" data-widget_type=\"text-editor.default\">\n\t\t\t\t<div class=\"elementor-widget-container\">\n\t\t\t\t\t\t\t\t\t<p>Die Firma Gamma wurde im Jahre 1975 von der Familie Menapace in Bozen gegr\u00fcndet, diese ist noch heute nach drei Generationen im Bereich des <strong>Transportgewerbes<\/strong> t\u00e4tig.<\/p>\n<p>Die <strong>Qualit\u00e4t der Dienstleistungen<\/strong> und die Freundlichkeit unseres Kundendienstes welches uns seit immer kennzeichnet, sind zu unsere Merkmale geworden und haben uns auf diesem langen Wege einen st\u00e4ndigen Wachstum in den gebotenen Dienstleistungen garantiert.<\/p>\n<p>Wir haben uns im Handel mit <strong>Deutschland<\/strong> und <strong>Nordeuropa<\/strong> auf der <strong>intereurop\u00e4ischen Linie<\/strong> durch den Brenner und durch die Schweiz spezialisiert.<\/p>\n\t\t\t\t\t\t\t\t<\/div>\n\t\t\t\t<\/div>\n\t\t\t\t<div class=\"elementor-element elementor-element-6fa54df elementor-mobile-align-left elementor-widget elementor-widget-button\" data-id=\"6fa54df\" data-element_type=\"widget\" data-e-type=\"widget\" data-widget_type=\"button.default\">\n\t\t\t\t<div class=\"elementor-widget-container\">\n\t\t\t\t\t\t\t\t\t<div class=\"elementor-button-wrapper\">\n\t\t\t\t\t<a class=\"elementor-button elementor-button-link elementor-size-sm\" href=\"https:\/\/www.gammatransport.it\/de\/kontakt-2\/\">\n\t\t\t\t\t\t<span class=\"elementor-button-content-wrapper\">\n\t\t\t\t\t\t<span class=\"elementor-button-icon\">\n\t\t\t\t<i aria-hidden=\"true\" class=\"fas fa-long-arrow-alt-right\"><\/i>\t\t\t<\/span>\n\t\t\t\t\t\t\t\t\t<span class=\"elementor-button-text\">Kontaktieren Sie uns<\/span>\n\t\t\t\t\t<\/span>\n\t\t\t\t\t<\/a>\n\t\t\t\t<\/div>\n\t\t\t\t\t\t\t\t<\/div>\n\t\t\t\t<\/div>\n\t\t\t\t\t<\/div>\n\t\t<\/div>\n\t\t\t\t\t<\/div>\n\t\t<\/section>\n\t\t<div class=\"elementor-element elementor-element-adc9de6 e-con-full e-flex e-con e-parent\" data-id=\"adc9de6\" data-element_type=\"container\" data-e-type=\"container\">\n\t\t<div class=\"elementor-element elementor-element-ab74bff e-con-full e-flex e-con e-child\" data-id=\"ab74bff\" data-element_type=\"container\" data-e-type=\"container\">\n\t\t\t\t<div class=\"elementor-element elementor-element-45c6e7c elementor-widget elementor-widget-heading\" data-id=\"45c6e7c\" data-element_type=\"widget\" data-e-type=\"widget\" data-widget_type=\"heading.default\">\n\t\t\t\t<div class=\"elementor-widget-container\">\n\t\t\t\t\t<h3 class=\"elementor-heading-title elementor-size-default\">Fotografische Chronologie<\/h3>\t\t\t\t<\/div>\n\t\t\t\t<\/div>\n\t\t\t\t<\/div>\n\t\t\t\t<\/div>\n\t\t<div class=\"elementor-element elementor-element-919250b e-flex e-con-boxed e-con e-parent\" data-id=\"919250b\" data-element_type=\"container\" data-e-type=\"container\">\n\t\t\t\t\t<div class=\"e-con-inner\">\n\t\t\t\t<div class=\"elementor-element elementor-element-989445f elementor-widget elementor-widget-gallery\" data-id=\"989445f\" data-element_type=\"widget\" data-e-type=\"widget\" data-settings=\"{&quot;columns&quot;:3,&quot;lazyload&quot;:&quot;yes&quot;,&quot;gallery_layout&quot;:&quot;grid&quot;,&quot;columns_tablet&quot;:2,&quot;columns_mobile&quot;:1,&quot;gap&quot;:{&quot;unit&quot;:&quot;px&quot;,&quot;size&quot;:10,&quot;sizes&quot;:[]},&quot;gap_tablet&quot;:{&quot;unit&quot;:&quot;px&quot;,&quot;size&quot;:10,&quot;sizes&quot;:[]},&quot;gap_mobile&quot;:{&quot;unit&quot;:&quot;px&quot;,&quot;size&quot;:10,&quot;sizes&quot;:[]},&quot;link_to&quot;:&quot;file&quot;,&quot;aspect_ratio&quot;:&quot;3:2&quot;,&quot;overlay_background&quot;:&quot;yes&quot;,&quot;content_hover_animation&quot;:&quot;fade-in&quot;}\" data-widget_type=\"gallery.default\">\n\t\t\t\t<div class=\"elementor-widget-container\">\n\t\t\t\t\t\t\t<div class=\"elementor-gallery__container\">\n\t\t\t\t\t\t\t<a class=\"e-gallery-item elementor-gallery-item elementor-animated-content\" href=\"https:\/\/gammatransport.it\/wp-content\/uploads\/2024\/05\/Foto-gamma-01-web.jpg\" data-elementor-open-lightbox=\"yes\" data-elementor-lightbox-slideshow=\"989445f\" data-e-action-hash=\"#elementor-action%3Aaction%3Dlightbox%26settings%3DeyJpZCI6MTA1MDIsInVybCI6Imh0dHBzOlwvXC9nYW1tYXRyYW5zcG9ydC5pdFwvd3AtY29udGVudFwvdXBsb2Fkc1wvMjAyNFwvMDVcL0ZvdG8tZ2FtbWEtMDEtd2ViLmpwZyIsInNsaWRlc2hvdyI6Ijk4OTQ0NWYifQ%3D%3D\">\n\t\t\t\t\t<div class=\"e-gallery-image elementor-gallery-item__image\" data-thumbnail=\"https:\/\/gammatransport.it\/wp-content\/uploads\/2024\/05\/Foto-gamma-01-web.jpg\" data-width=\"1200\" data-height=\"829\" aria-label=\"\" role=\"img\" ><\/div>\n\t\t\t\t\t\t\t\t\t\t\t<div class=\"elementor-gallery-item__overlay\"><\/div>\n\t\t\t\t\t\t\t\t\t\t\t\t\t\t<\/a>\n\t\t\t\t\t\t\t<a class=\"e-gallery-item elementor-gallery-item elementor-animated-content\" href=\"https:\/\/gammatransport.it\/wp-content\/uploads\/2024\/05\/Foto-gamma-02-web.jpg\" data-elementor-open-lightbox=\"yes\" data-elementor-lightbox-slideshow=\"989445f\" data-e-action-hash=\"#elementor-action%3Aaction%3Dlightbox%26settings%3DeyJpZCI6MTA1MDMsInVybCI6Imh0dHBzOlwvXC9nYW1tYXRyYW5zcG9ydC5pdFwvd3AtY29udGVudFwvdXBsb2Fkc1wvMjAyNFwvMDVcL0ZvdG8tZ2FtbWEtMDItd2ViLmpwZyIsInNsaWRlc2hvdyI6Ijk4OTQ0NWYifQ%3D%3D\">\n\t\t\t\t\t<div class=\"e-gallery-image elementor-gallery-item__image\" data-thumbnail=\"https:\/\/gammatransport.it\/wp-content\/uploads\/2024\/05\/Foto-gamma-02-web.jpg\" data-width=\"1200\" data-height=\"1052\" aria-label=\"\" role=\"img\" ><\/div>\n\t\t\t\t\t\t\t\t\t\t\t<div class=\"elementor-gallery-item__overlay\"><\/div>\n\t\t\t\t\t\t\t\t\t\t\t\t\t\t<\/a>\n\t\t\t\t\t\t\t<a class=\"e-gallery-item elementor-gallery-item elementor-animated-content\" href=\"https:\/\/gammatransport.it\/wp-content\/uploads\/2024\/05\/Foto-gamma-03.jpg\" data-elementor-open-lightbox=\"yes\" data-elementor-lightbox-slideshow=\"989445f\" data-e-action-hash=\"#elementor-action%3Aaction%3Dlightbox%26settings%3DeyJpZCI6MTA1MDQsInVybCI6Imh0dHBzOlwvXC9nYW1tYXRyYW5zcG9ydC5pdFwvd3AtY29udGVudFwvdXBsb2Fkc1wvMjAyNFwvMDVcL0ZvdG8tZ2FtbWEtMDMuanBnIiwic2xpZGVzaG93IjoiOTg5NDQ1ZiJ9\">\n\t\t\t\t\t<div class=\"e-gallery-image elementor-gallery-item__image\" data-thumbnail=\"https:\/\/gammatransport.it\/wp-content\/uploads\/2024\/05\/Foto-gamma-03.jpg\" data-width=\"1200\" data-height=\"1059\" aria-label=\"\" role=\"img\" ><\/div>\n\t\t\t\t\t\t\t\t\t\t\t<div class=\"elementor-gallery-item__overlay\"><\/div>\n\t\t\t\t\t\t\t\t\t\t\t\t\t\t<\/a>\n\t\t\t\t\t\t\t<a class=\"e-gallery-item elementor-gallery-item elementor-animated-content\" href=\"https:\/\/gammatransport.it\/wp-content\/uploads\/2023\/11\/dscn1734-001.jpg\" data-elementor-open-lightbox=\"yes\" data-elementor-lightbox-slideshow=\"989445f\" data-e-action-hash=\"#elementor-action%3Aaction%3Dlightbox%26settings%3DeyJpZCI6OTc1MiwidXJsIjoiaHR0cHM6XC9cL2dhbW1hdHJhbnNwb3J0Lml0XC93cC1jb250ZW50XC91cGxvYWRzXC8yMDIzXC8xMVwvZHNjbjE3MzQtMDAxLmpwZyIsInNsaWRlc2hvdyI6Ijk4OTQ0NWYifQ%3D%3D\">\n\t\t\t\t\t<div class=\"e-gallery-image elementor-gallery-item__image\" data-thumbnail=\"https:\/\/gammatransport.it\/wp-content\/uploads\/2023\/11\/dscn1734-001.jpg\" data-width=\"680\" data-height=\"360\" aria-label=\"a red and silver semi truck\" role=\"img\" ><\/div>\n\t\t\t\t\t\t\t\t\t\t\t<div class=\"elementor-gallery-item__overlay\"><\/div>\n\t\t\t\t\t\t\t\t\t\t\t\t\t\t<\/a>\n\t\t\t\t\t\t\t<a class=\"e-gallery-item elementor-gallery-item elementor-animated-content\" href=\"https:\/\/gammatransport.it\/wp-content\/uploads\/2023\/11\/gammalkw.jpg\" data-elementor-open-lightbox=\"yes\" data-elementor-lightbox-slideshow=\"989445f\" data-e-action-hash=\"#elementor-action%3Aaction%3Dlightbox%26settings%3DeyJpZCI6OTkyNywidXJsIjoiaHR0cHM6XC9cL2dhbW1hdHJhbnNwb3J0Lml0XC93cC1jb250ZW50XC91cGxvYWRzXC8yMDIzXC8xMVwvZ2FtbWFsa3cuanBnIiwic2xpZGVzaG93IjoiOTg5NDQ1ZiJ9\">\n\t\t\t\t\t<div class=\"e-gallery-image elementor-gallery-item__image\" data-thumbnail=\"https:\/\/gammatransport.it\/wp-content\/uploads\/2023\/11\/gammalkw.jpg\" data-width=\"680\" data-height=\"360\" aria-label=\"\" role=\"img\" ><\/div>\n\t\t\t\t\t\t\t\t\t\t\t<div class=\"elementor-gallery-item__overlay\"><\/div>\n\t\t\t\t\t\t\t\t\t\t\t\t\t\t<\/a>\n\t\t\t\t\t\t\t<a class=\"e-gallery-item elementor-gallery-item elementor-animated-content\" href=\"https:\/\/gammatransport.it\/wp-content\/uploads\/2023\/11\/gamma-logistics-solutions.jpg\" data-elementor-open-lightbox=\"yes\" data-elementor-lightbox-slideshow=\"989445f\" data-e-action-hash=\"#elementor-action%3Aaction%3Dlightbox%26settings%3DeyJpZCI6MTAwNTAsInVybCI6Imh0dHBzOlwvXC9nYW1tYXRyYW5zcG9ydC5pdFwvd3AtY29udGVudFwvdXBsb2Fkc1wvMjAyM1wvMTFcL2dhbW1hLWxvZ2lzdGljcy1zb2x1dGlvbnMuanBnIiwic2xpZGVzaG93IjoiOTg5NDQ1ZiJ9\">\n\t\t\t\t\t<div class=\"e-gallery-image elementor-gallery-item__image\" data-thumbnail=\"https:\/\/gammatransport.it\/wp-content\/uploads\/2023\/11\/gamma-logistics-solutions.jpg\" data-width=\"1920\" data-height=\"1282\" aria-label=\"\" role=\"img\" ><\/div>\n\t\t\t\t\t\t\t\t\t\t\t<div class=\"elementor-gallery-item__overlay\"><\/div>\n\t\t\t\t\t\t\t\t\t\t\t\t\t\t<\/a>\n\t\t\t\t\t<\/div>\n\t\t\t\t\t<\/div>\n\t\t\t\t<\/div>\n\t\t\t\t\t<\/div>\n\t\t\t\t<\/div>\n\t\t\t\t<\/div>\n\t\t","protected":false},"excerpt":{"rendered":"<p>ENTDECKEN Seit 1975 Kontaktieren Sie uns Geschichte Die Firma Gamma wurde im Jahre 1975 von der Familie Menapace in Bozen gegr\u00fcndet, diese ist noch heute nach drei Generationen im Bereich des Transportgewerbes t\u00e4tig. Die Qualit\u00e4t der Dienstleistungen und die Freundlichkeit unseres Kundendienstes welches uns seit immer kennzeichnet, sind zu unsere Merkmale geworden und haben uns [&hellip;]<\/p>\n","protected":false},"author":1,"featured_media":0,"parent":0,"menu_order":0,"comment_status":"closed","ping_status":"closed","template":"elementor_header_footer","meta":{"footnotes":""},"class_list":["post-10579","page","type-page","status-publish","hentry"],"_links":{"self":[{"href":"https:\/\/www.gammatransport.it\/de\/wp-json\/wp\/v2\/pages\/10579","targetHints":{"allow":["GET"]}}],"collection":[{"href":"https:\/\/www.gammatransport.it\/de\/wp-json\/wp\/v2\/pages"}],"about":[{"href":"https:\/\/www.gammatransport.it\/de\/wp-json\/wp\/v2\/types\/page"}],"author":[{"embeddable":true,"href":"https:\/\/www.gammatransport.it\/de\/wp-json\/wp\/v2\/users\/1"}],"replies":[{"embeddable":true,"href":"https:\/\/www.gammatransport.it\/de\/wp-json\/wp\/v2\/comments?post=10579"}],"version-history":[{"count":12,"href":"https:\/\/www.gammatransport.it\/de\/wp-json\/wp\/v2\/pages\/10579\/revisions"}],"predecessor-version":[{"id":10688,"href":"https:\/\/www.gammatransport.it\/de\/wp-json\/wp\/v2\/pages\/10579\/revisions\/10688"}],"wp:attachment":[{"href":"https:\/\/www.gammatransport.it\/de\/wp-json\/wp\/v2\/media?parent=10579"}],"curies":[{"name":"wp","href":"https:\/\/api.w.org\/{rel}","templated":true}]}}